{"id":43,"date":"2025-04-01T16:09:47","date_gmt":"2025-04-01T15:09:47","guid":{"rendered":"https:\/\/zaranda-international.com\/?page_id=43"},"modified":"2026-01-05T20:54:39","modified_gmt":"2026-01-05T19:54:39","slug":"elementor-43","status":"publish","type":"page","link":"https:\/\/zaranda-international.com\/","title":{"rendered":"Startseite"},"content":{"rendered":"\t\t<div data-elementor-type=\"wp-page\" data-elementor-id=\"43\" class=\"elementor elementor-43\">\n\t\t\t\t<div class=\"elementor-element elementor-element-44450c6 e-flex e-con-boxed e-con e-parent\" data-id=\"44450c6\" data-element_type=\"container\">\n\t\t\t\t\t<div class=\"e-con-inner\">\n\t\t<div class=\"elementor-element elementor-element-c0bd214 e-con-full e-flex e-con e-child\" data-id=\"c0bd214\" data-element_type=\"container\">\n\t\t\t\t<div class=\"elementor-element elementor-element-dd0be4f elementor-absolute elementor-widget elementor-widget-text-editor\" data-id=\"dd0be4f\" data-element_type=\"widget\" data-settings=\"{&quot;_position&quot;:&quot;absolute&quot;}\" data-widget_type=\"text-editor.default\">\n\t\t\t\t<div class=\"elementor-widget-container\">\n\t\t\t\t\t\t\t\t\t<ul style=\"text-align: center;\"><li style=\"text-align: left;\"><h1><span style=\"color: #000000;\">Kultur<\/span><\/h1><\/li><li style=\"text-align: left;\"><h1><span style=\"color: #000000;\">Kreativit\u00e4t<\/span><\/h1><\/li><li style=\"text-align: left;\"><h1><span style=\"color: #000000;\">Innovation<\/span><\/h1><\/li><li style=\"text-align: left;\"><h1><span style=\"color: #000000;\">Traditionen<\/span><\/h1><\/li><li style=\"text-align: left;\"><h1><span style=\"color: #000000;\">Regionen<\/span><\/h1><\/li><\/ul>\t\t\t\t\t\t\t\t<\/div>\n\t\t\t\t<\/div>\n\t\t\t\t<\/div>\n\t\t<div class=\"elementor-element elementor-element-560999a e-con-full e-flex e-con e-child\" data-id=\"560999a\" data-element_type=\"container\">\n\t\t\t\t<div class=\"elementor-element elementor-element-745e58e elementor-widget elementor-widget-image\" data-id=\"745e58e\" data-element_type=\"widget\" data-widget_type=\"image.default\">\n\t\t\t\t<div class=\"elementor-widget-container\">\n\t\t\t\t\t\t\t\t\t\t\t\t\t\t\t<img fetchpriority=\"high\" decoding=\"async\" width=\"777\" height=\"760\" src=\"https:\/\/zaranda-international.com\/wp-content\/uploads\/2026\/01\/oben-flyer.png\" class=\"attachment-large size-large wp-image-88\" alt=\"\" srcset=\"https:\/\/zaranda-international.com\/wp-content\/uploads\/2026\/01\/oben-flyer.png 777w, https:\/\/zaranda-international.com\/wp-content\/uploads\/2026\/01\/oben-flyer-300x293.png 300w, https:\/\/zaranda-international.com\/wp-content\/uploads\/2026\/01\/oben-flyer-768x751.png 768w\" sizes=\"(max-width: 777px) 100vw, 777px\" \/>\t\t\t\t\t\t\t\t\t\t\t\t\t\t\t<\/div>\n\t\t\t\t<\/div>\n\t\t\t\t<\/div>\n\t\t\t\t\t<\/div>\n\t\t\t\t<\/div>\n\t\t<div class=\"elementor-element elementor-element-19eb213 e-flex e-con-boxed e-con e-parent\" data-id=\"19eb213\" data-element_type=\"container\">\n\t\t\t\t\t<div class=\"e-con-inner\">\n\t\t<div class=\"elementor-element elementor-element-b9078ff e-con-full e-flex e-con e-child\" data-id=\"b9078ff\" data-element_type=\"container\">\n\t\t\t\t<div class=\"elementor-element elementor-element-29bd96f elementor-widget elementor-widget-image\" data-id=\"29bd96f\" data-element_type=\"widget\" data-widget_type=\"image.default\">\n\t\t\t\t<div class=\"elementor-widget-container\">\n\t\t\t\t\t\t\t\t\t\t\t\t\t\t\t<img decoding=\"async\" width=\"862\" height=\"809\" src=\"https:\/\/zaranda-international.com\/wp-content\/uploads\/2026\/01\/mitte-flyer.png\" class=\"attachment-large size-large wp-image-87\" alt=\"\" srcset=\"https:\/\/zaranda-international.com\/wp-content\/uploads\/2026\/01\/mitte-flyer.png 862w, https:\/\/zaranda-international.com\/wp-content\/uploads\/2026\/01\/mitte-flyer-300x282.png 300w, https:\/\/zaranda-international.com\/wp-content\/uploads\/2026\/01\/mitte-flyer-768x721.png 768w\" sizes=\"(max-width: 862px) 100vw, 862px\" \/>\t\t\t\t\t\t\t\t\t\t\t\t\t\t\t<\/div>\n\t\t\t\t<\/div>\n\t\t\t\t<\/div>\n\t\t<div class=\"elementor-element elementor-element-82f20c4 e-con-full e-flex e-con e-child\" data-id=\"82f20c4\" data-element_type=\"container\">\n\t\t<div class=\"elementor-element elementor-element-ed60d7a e-con-full e-flex e-con e-child\" data-id=\"ed60d7a\" data-element_type=\"container\">\n\t\t\t\t<div class=\"elementor-element elementor-element-1a7c291 elementor-absolute elementor-widget elementor-widget-text-editor\" data-id=\"1a7c291\" data-element_type=\"widget\" data-settings=\"{&quot;_position&quot;:&quot;absolute&quot;}\" data-widget_type=\"text-editor.default\">\n\t\t\t\t<div class=\"elementor-widget-container\">\n\t\t\t\t\t\t\t\t\t<h4><span style=\"color: #000000;\">Monica Sifontes de Leopold<\/span><\/h4><p><span style=\"color: #000000;\"><em>Professorin f\u00fcr Tanz<br \/>Kulturverein Zaranda<\/em><\/span><\/p>\t\t\t\t\t\t\t\t<\/div>\n\t\t\t\t<\/div>\n\t\t\t\t<\/div>\n\t\t<div class=\"elementor-element elementor-element-f1f40b3 e-con-full e-flex e-con e-child\" data-id=\"f1f40b3\" data-element_type=\"container\">\n\t\t\t\t<div class=\"elementor-element elementor-element-5634fae elementor-absolute elementor-widget elementor-widget-text-editor\" data-id=\"5634fae\" data-element_type=\"widget\" data-settings=\"{&quot;_position&quot;:&quot;absolute&quot;}\" data-widget_type=\"text-editor.default\">\n\t\t\t\t<div class=\"elementor-widget-container\">\n\t\t\t\t\t\t\t\t\t<p><span style=\"color: #000000;\">Gegr\u00fcndet in Venezuela und jetzt auch in Deutschland&#8230;<\/span> <span style=\"color: #ffff00;\">&#8220;Zaranda&#8221;<\/span><span style=\"color: #000000;\"> ist ein Verein f\u00fcr internationalen Austausch und F\u00f6rderung der venezolanschen Kultur. Deren Ziel ist die kulturelle Offenheit und integration durch die Pr\u00e4sentation der venezolanischen Kultur sowie internationale Kooperationen.<\/span><\/p>\t\t\t\t\t\t\t\t<\/div>\n\t\t\t\t<\/div>\n\t\t\t\t<\/div>\n\t\t\t\t<\/div>\n\t\t\t\t\t<\/div>\n\t\t\t\t<\/div>\n\t\t<div class=\"elementor-element elementor-element-2e3a1ea e-flex e-con-boxed e-con e-parent\" data-id=\"2e3a1ea\" data-element_type=\"container\">\n\t\t\t\t\t<div class=\"e-con-inner\">\n\t\t\t\t<div class=\"elementor-element elementor-element-2b0031f elementor-widget elementor-widget-text-editor\" data-id=\"2b0031f\" data-element_type=\"widget\" data-widget_type=\"text-editor.default\">\n\t\t\t\t<div class=\"elementor-widget-container\">\n\t\t\t\t\t\t\t\t\t<p><span style=\"color: #000000;\">Kurse, Workshops -venezolanische Kulinarik, Sprache, Sport, Kunst, Folklore, T\u00e4nze und traditionelle Musikinstrumente, Partnerschaften &#8211; Austausch mit deutschen &amp; venezolanischen &#8220;Zaranda&#8221; Vereins-Mitgliedern, Jugendarbeit, Kollaborationen&#8230;<\/span><\/p>\t\t\t\t\t\t\t\t<\/div>\n\t\t\t\t<\/div>\n\t\t\t\t\t<\/div>\n\t\t\t\t<\/div>\n\t\t<div class=\"elementor-element elementor-element-b19ac28 e-flex e-con-boxed e-con e-parent\" data-id=\"b19ac28\" data-element_type=\"container\">\n\t\t\t\t\t<div class=\"e-con-inner\">\n\t\t\t\t<div class=\"elementor-element elementor-element-8821e3e elementor-widget elementor-widget-image\" data-id=\"8821e3e\" data-element_type=\"widget\" data-widget_type=\"image.default\">\n\t\t\t\t<div class=\"elementor-widget-container\">\n\t\t\t\t\t\t\t\t\t\t\t\t\t\t\t<img decoding=\"async\" width=\"1024\" height=\"454\" src=\"https:\/\/zaranda-international.com\/wp-content\/uploads\/2026\/01\/Uneterebilder-Flyer-1024x454.png\" class=\"attachment-large size-large wp-image-86\" alt=\"\" srcset=\"https:\/\/zaranda-international.com\/wp-content\/uploads\/2026\/01\/Uneterebilder-Flyer-1024x454.png 1024w, https:\/\/zaranda-international.com\/wp-content\/uploads\/2026\/01\/Uneterebilder-Flyer-300x133.png 300w, https:\/\/zaranda-international.com\/wp-content\/uploads\/2026\/01\/Uneterebilder-Flyer-768x341.png 768w, https:\/\/zaranda-international.com\/wp-content\/uploads\/2026\/01\/Uneterebilder-Flyer-1536x682.png 1536w, https:\/\/zaranda-international.com\/wp-content\/uploads\/2026\/01\/Uneterebilder-Flyer.png 1674w\" sizes=\"(max-width: 1024px) 100vw, 1024px\" \/>\t\t\t\t\t\t\t\t\t\t\t\t\t\t\t<\/div>\n\t\t\t\t<\/div>\n\t\t\t\t\t<\/div>\n\t\t\t\t<\/div>\n\t\t\t\t<\/div>\n\t\t","protected":false},"excerpt":{"rendered":"<p>Kultur Kreativit\u00e4t Innovation Traditionen Regionen Monica Sifontes de Leopold Professorin f\u00fcr TanzKulturverein Zaranda Gegr\u00fcndet in Venezuela und jetzt auch in [&hellip;]<\/p>\n","protected":false},"author":1,"featured_media":0,"parent":0,"menu_order":0,"comment_status":"closed","ping_status":"closed","template":"","meta":{"site-sidebar-layout":"no-sidebar","site-content-layout":"","ast-site-content-layout":"full-width-container","site-content-style":"default","site-sidebar-style":"default","ast-global-header-display":"","ast-banner-title-visibility":"","ast-main-header-display":"","ast-hfb-above-header-display":"","ast-hfb-below-header-display":"","ast-hfb-mobile-header-display":"","site-post-title":"disabled","ast-breadcrumbs-content":"","ast-featured-img":"disabled","footer-sml-layout":"","ast-disable-related-posts":"","theme-transparent-header-meta":"","adv-header-id-meta":"","stick-header-meta":"","header-above-stick-meta":"","header-main-stick-meta":"","header-below-stick-meta":"","astra-migrate-meta-layouts":"default","ast-page-background-enabled":"default","ast-page-background-meta":{"desktop":{"background-color":"var(--ast-global-color-5)","background-image":"","background-repeat":"repeat","background-position":"center center","background-size":"auto","background-attachment":"scroll","background-type":"","background-media":"","overlay-type":"","overlay-color":"","overlay-opacity":"","overlay-gradient":""},"tablet":{"background-color":"","background-image":"","background-repeat":"repeat","background-position":"center center","background-size":"auto","background-attachment":"scroll","background-type":"","background-media":"","overlay-type":"","overlay-color":"","overlay-opacity":"","overlay-gradient":""},"mobile":{"background-color":"","background-image":"","background-repeat":"repeat","background-position":"center center","background-size":"auto","background-attachment":"scroll","background-type":"","background-media":"","overlay-type":"","overlay-color":"","overlay-opacity":"","overlay-gradient":""}},"ast-content-background-meta":{"desktop":{"background-color":"var(--ast-global-color-4)","background-image":"","background-repeat":"repeat","background-position":"center center","background-size":"auto","background-attachment":"scroll","background-type":"","background-media":"","overlay-type":"","overlay-color":"","overlay-opacity":"","overlay-gradient":""},"tablet":{"background-color":"var(--ast-global-color-4)","background-image":"","background-repeat":"repeat","background-position":"center center","background-size":"auto","background-attachment":"scroll","background-type":"","background-media":"","overlay-type":"","overlay-color":"","overlay-opacity":"","overlay-gradient":""},"mobile":{"background-color":"var(--ast-global-color-4)","background-image":"","background-repeat":"repeat","background-position":"center center","background-size":"auto","background-attachment":"scroll","background-type":"","background-media":"","overlay-type":"","overlay-color":"","overlay-opacity":"","overlay-gradient":""}},"footnotes":""},"class_list":["post-43","page","type-page","status-publish","hentry"],"_links":{"self":[{"href":"https:\/\/zaranda-international.com\/index.php?rest_route=\/wp\/v2\/pages\/43","targetHints":{"allow":["GET"]}}],"collection":[{"href":"https:\/\/zaranda-international.com\/index.php?rest_route=\/wp\/v2\/pages"}],"about":[{"href":"https:\/\/zaranda-international.com\/index.php?rest_route=\/wp\/v2\/types\/page"}],"author":[{"embeddable":true,"href":"https:\/\/zaranda-international.com\/index.php?rest_route=\/wp\/v2\/users\/1"}],"replies":[{"embeddable":true,"href":"https:\/\/zaranda-international.com\/index.php?rest_route=%2Fwp%2Fv2%2Fcomments&post=43"}],"version-history":[{"count":55,"href":"https:\/\/zaranda-international.com\/index.php?rest_route=\/wp\/v2\/pages\/43\/revisions"}],"predecessor-version":[{"id":150,"href":"https:\/\/zaranda-international.com\/index.php?rest_route=\/wp\/v2\/pages\/43\/revisions\/150"}],"wp:attachment":[{"href":"https:\/\/zaranda-international.com\/index.php?rest_route=%2Fwp%2Fv2%2Fmedia&parent=43"}],"curies":[{"name":"wp","href":"https:\/\/api.w.org\/{rel}","templated":true}]}}